{"id":4202,"date":"2021-12-15T13:35:27","date_gmt":"2021-12-15T13:35:27","guid":{"rendered":"https:\/?page_id=4202"},"modified":"2021-12-17T18:15:40","modified_gmt":"2021-12-17T18:15:40","slug":"devis","status":"publish","type":"page","link":"https:\/\/fgbc.cm\/en\/devis\/","title":{"rendered":"Obtenir un devis en ligne"},"content":{"rendered":"<div data-elementor-type=\"wp-page\" data-elementor-id=\"4202\" class=\"elementor elementor-4202\">\n\t\t\t\t\t\t<section class=\"has_eae_slider elementor-section elementor-top-section elementor-element elementor-element-642d97c elementor-section-boxed elementor-section-height-default elementor-section-height-default\" data-eae-slider=\"72042\" data-id=\"642d97c\" data-element_type=\"section\" data-e-type=\"section\">\n\t\t\t\t\t\t<div class=\"elementor-container elementor-column-gap-default\">\n\t\t\t\t\t<div class=\"has_eae_slider elementor-column elementor-col-100 elementor-top-column elementor-element elementor-element-118968e\" data-eae-slider=\"12750\" data-id=\"118968e\" data-element_type=\"column\" data-e-type=\"column\">\n\t\t\t<div class=\"elementor-widget-wrap elementor-element-populated\">\n\t\t\t\t\t\t<section class=\"has_eae_slider elementor-section elementor-inner-section elementor-element elementor-element-67bfb77 elementor-section-boxed elementor-section-height-default elementor-section-height-default\" data-eae-slider=\"2809\" data-id=\"67bfb77\" data-element_type=\"section\" data-e-type=\"section\">\n\t\t\t\t\t\t<div class=\"elementor-container elementor-column-gap-default\">\n\t\t\t\t\t<div class=\"has_eae_slider elementor-column elementor-col-50 elementor-inner-column elementor-element elementor-element-ec1c048\" data-eae-slider=\"4376\" data-id=\"ec1c048\" data-element_type=\"column\" data-e-type=\"column\">\n\t\t\t<div class=\"elementor-widget-wrap elementor-element-populated\">\n\t\t\t\t\t\t<div class=\"elementor-element elementor-element-3ff706f elementor-widget elementor-widget-heading\" data-id=\"3ff706f\" data-element_type=\"widget\" data-e-type=\"widget\" data-widget_type=\"heading.default\">\n\t\t\t\t<div class=\"elementor-widget-container\">\n\t\t\t\t\t<h2 class=\"elementor-heading-title elementor-size-default\">Obtenir une estimation pr\u00e9cise<\/h2>\t\t\t\t<\/div>\n\t\t\t\t<\/div>\n\t\t\t\t<div class=\"elementor-element elementor-element-7486996 elementor-widget elementor-widget-text-editor\" data-id=\"7486996\" data-element_type=\"widget\" data-e-type=\"widget\" data-widget_type=\"text-editor.default\">\n\t\t\t\t<div class=\"elementor-widget-container\">\n\t\t\t\t\t\t\t\t\t<p>Avant d\u2019entreprendre un projet, il est essentiel d\u2019\u00e9tablir un budget de travaux. Cette \u00e9tape permet d\u2019estimer les d\u00e9penses relatives aux travaux et aux fournitures.<\/p><p>Remplissez le formulaire ci-apr\u00e8s et nous vous r\u00e9pondrons dans les plus d\u00e9lais.<\/p>\t\t\t\t\t\t\t\t<\/div>\n\t\t\t\t<\/div>\n\t\t\t\t<div class=\"elementor-element elementor-element-b73482e elementor-widget elementor-widget-image\" data-id=\"b73482e\" data-element_type=\"widget\" data-e-type=\"widget\" data-widget_type=\"image.default\">\n\t\t\t\t<div class=\"elementor-widget-container\">\n\t\t\t\t\t\t\t\t\t\t\t\t\t\t\t<img fetchpriority=\"high\" decoding=\"async\" width=\"660\" height=\"880\" src=\"https:\/\/fgbc.cm\/wp-content\/uploads\/2021\/12\/stil-flRm0z3MEoA-unsplash-scaled.jpg\" class=\"attachment-large size-large wp-image-4752\" alt=\"\" \/>\t\t\t\t\t\t\t\t\t\t\t\t\t\t\t<\/div>\n\t\t\t\t<\/div>\n\t\t\t\t\t<\/div>\n\t\t<\/div>\n\t\t\t\t<div class=\"has_eae_slider elementor-column elementor-col-50 elementor-inner-column elementor-element elementor-element-5d0825a\" data-eae-slider=\"32689\" data-id=\"5d0825a\" data-element_type=\"column\" data-e-type=\"column\" data-settings=\"{&quot;background_background&quot;:&quot;classic&quot;}\">\n\t\t\t<div class=\"elementor-widget-wrap elementor-element-populated\">\n\t\t\t\t\t\t<div class=\"elementor-element elementor-element-0062584 elementor-widget elementor-widget-text-editor\" data-id=\"0062584\" data-element_type=\"widget\" data-e-type=\"widget\" data-widget_type=\"text-editor.default\">\n\t\t\t\t<div class=\"elementor-widget-container\">\n\t\t\t\t\t\t\t\t\t<p><div class=\"forminator-ui forminator-custom-form forminator-custom-form-4207 forminator-design--flat  forminator_ajax\" data-forminator-render=\"0\" data-form=\"forminator-module-4207\" data-uid=\"69d9057f2d004\"><br\/><\/div><form\n\t\t\t\tid=\"forminator-module-4207\"\n\t\t\t\tclass=\"forminator-ui forminator-custom-form forminator-custom-form-4207 forminator-design--flat  forminator_ajax\"\n\t\t\t\tmethod=\"post\"\n\t\t\t\tdata-forminator-render=\"0\"\n\t\t\t\tdata-form-id=\"4207\"\n\t\t\t\t data-color-option=\"default\" data-design=\"flat\" data-grid=\"open\" style=\"display: none;\"\n\t\t\t\tdata-uid=\"69d9057f2d004\" action=\"\"\n\t\t\t><div role=\"alert\" aria-live=\"polite\" class=\"forminator-response-message forminator-error\" aria-hidden=\"true\"><\/div><div class=\"forminator-row\"><div id=\"checkbox-1\" class=\"forminator-field-checkbox forminator-col forminator-col-12\"><div role=\"group\" class=\"forminator-field\" aria-labelledby=\"forminator-checkbox-group-forminator-field-checkbox-1-69d9057f2d004-label\"><span id=\"forminator-checkbox-group-forminator-field-checkbox-1-69d9057f2d004-label\" class=\"forminator-label\">Services<\/span><label id=\"forminator-field-checkbox-1-1-69d9057f2d004-label\" for=\"forminator-field-checkbox-1-1-69d9057f2d004\" class=\"forminator-checkbox forminator-checkbox-inline\" title=\"Bois\"><input type=\"checkbox\" name=\"checkbox-1[]\" value=\"Bois\" id=\"forminator-field-checkbox-1-1-69d9057f2d004\" aria-labelledby=\"forminator-field-checkbox-1-1-69d9057f2d004-label\" data-calculation=\"0\"  \/><span class=\"forminator-checkbox-box\" aria-hidden=\"true\"><\/span><span class=\"forminator-checkbox-label\">Bois<\/span><\/label><label id=\"forminator-field-checkbox-1-2-69d9057f2d004-label\" for=\"forminator-field-checkbox-1-2-69d9057f2d004\" class=\"forminator-checkbox forminator-checkbox-inline\" title=\"Agriculture\"><input type=\"checkbox\" name=\"checkbox-1[]\" value=\"Agriculture\" id=\"forminator-field-checkbox-1-2-69d9057f2d004\" aria-labelledby=\"forminator-field-checkbox-1-2-69d9057f2d004-label\" data-calculation=\"0\"  \/><span class=\"forminator-checkbox-box\" aria-hidden=\"true\"><\/span><span class=\"forminator-checkbox-label\">Agriculture<\/span><\/label><label id=\"forminator-field-checkbox-1-3-69d9057f2d004-label\" for=\"forminator-field-checkbox-1-3-69d9057f2d004\" class=\"forminator-checkbox forminator-checkbox-inline\" title=\"Entreprise\"><input type=\"checkbox\" name=\"checkbox-1[]\" value=\"Entreprise\" id=\"forminator-field-checkbox-1-3-69d9057f2d004\" aria-labelledby=\"forminator-field-checkbox-1-3-69d9057f2d004-label\" data-calculation=\"0\"  \/><span class=\"forminator-checkbox-box\" aria-hidden=\"true\"><\/span><span class=\"forminator-checkbox-label\">Entreprise<\/span><\/label><label id=\"forminator-field-checkbox-1-4-69d9057f2d004-label\" for=\"forminator-field-checkbox-1-4-69d9057f2d004\" class=\"forminator-checkbox forminator-checkbox-inline\" title=\"Administration\"><input type=\"checkbox\" name=\"checkbox-1[]\" value=\"Administration\" id=\"forminator-field-checkbox-1-4-69d9057f2d004\" aria-labelledby=\"forminator-field-checkbox-1-4-69d9057f2d004-label\" data-calculation=\"0\"  \/><span class=\"forminator-checkbox-box\" aria-hidden=\"true\"><\/span><span class=\"forminator-checkbox-label\">Administration<\/span><\/label><label id=\"forminator-field-checkbox-1-5-69d9057f2d004-label\" for=\"forminator-field-checkbox-1-5-69d9057f2d004\" class=\"forminator-checkbox forminator-checkbox-inline\" title=\"Finance\"><input type=\"checkbox\" name=\"checkbox-1[]\" value=\"Finance\" id=\"forminator-field-checkbox-1-5-69d9057f2d004\" aria-labelledby=\"forminator-field-checkbox-1-5-69d9057f2d004-label\" data-calculation=\"0\"  \/><span class=\"forminator-checkbox-box\" aria-hidden=\"true\"><\/span><span class=\"forminator-checkbox-label\">Finance<\/span><\/label><label id=\"forminator-field-checkbox-1-6-69d9057f2d004-label\" for=\"forminator-field-checkbox-1-6-69d9057f2d004\" class=\"forminator-checkbox forminator-checkbox-inline\" title=\"Projects\"><input type=\"checkbox\" name=\"checkbox-1[]\" value=\"Projets\" id=\"forminator-field-checkbox-1-6-69d9057f2d004\" aria-labelledby=\"forminator-field-checkbox-1-6-69d9057f2d004-label\" data-calculation=\"0\"  \/><span class=\"forminator-checkbox-box\" aria-hidden=\"true\"><\/span><span class=\"forminator-checkbox-label\">Projects<\/span><\/label><label id=\"forminator-field-checkbox-1-7-69d9057f2d004-label\" for=\"forminator-field-checkbox-1-7-69d9057f2d004\" class=\"forminator-checkbox forminator-checkbox-inline\" title=\"Immobilier\"><input type=\"checkbox\" name=\"checkbox-1[]\" value=\"Immobilier\" id=\"forminator-field-checkbox-1-7-69d9057f2d004\" aria-labelledby=\"forminator-field-checkbox-1-7-69d9057f2d004-label\" data-calculation=\"0\"  \/><span class=\"forminator-checkbox-box\" aria-hidden=\"true\"><\/span><span class=\"forminator-checkbox-label\">Immobilier<\/span><\/label><label id=\"forminator-field-checkbox-1-8-69d9057f2d004-label\" for=\"forminator-field-checkbox-1-8-69d9057f2d004\" class=\"forminator-checkbox forminator-checkbox-inline\" title=\"Personnel placement\"><input type=\"checkbox\" name=\"checkbox-1[]\" value=\"Placement-du-personnel\" id=\"forminator-field-checkbox-1-8-69d9057f2d004\" aria-labelledby=\"forminator-field-checkbox-1-8-69d9057f2d004-label\" data-calculation=\"0\"  \/><span class=\"forminator-checkbox-box\" aria-hidden=\"true\"><\/span><span class=\"forminator-checkbox-label\">Personnel placement<\/span><\/label><label id=\"forminator-field-checkbox-1-9-69d9057f2d004-label\" for=\"forminator-field-checkbox-1-9-69d9057f2d004\" class=\"forminator-checkbox forminator-checkbox-inline\" title=\"Training\"><input type=\"checkbox\" name=\"checkbox-1[]\" value=\"Formation\" id=\"forminator-field-checkbox-1-9-69d9057f2d004\" aria-labelledby=\"forminator-field-checkbox-1-9-69d9057f2d004-label\" data-calculation=\"0\"  \/><span class=\"forminator-checkbox-box\" aria-hidden=\"true\"><\/span><span class=\"forminator-checkbox-label\">Training<\/span><\/label><label id=\"forminator-field-checkbox-1-10-69d9057f2d004-label\" for=\"forminator-field-checkbox-1-10-69d9057f2d004\" class=\"forminator-checkbox forminator-checkbox-inline\" title=\"Information and Communication Technology\"><input type=\"checkbox\" name=\"checkbox-1[]\" value=\"Technologies-de-l\u2019information-et-de-la-communication\" id=\"forminator-field-checkbox-1-10-69d9057f2d004\" aria-labelledby=\"forminator-field-checkbox-1-10-69d9057f2d004-label\" data-calculation=\"0\"  \/><span class=\"forminator-checkbox-box\" aria-hidden=\"true\"><\/span><span class=\"forminator-checkbox-label\">Information and Communication Technology<\/span><\/label><\/div><\/div><\/div><div class=\"forminator-row\"><div id=\"textarea-1\" class=\"forminator-field-textarea forminator-col forminator-col-12\"><div class=\"forminator-field\"><label for=\"forminator-field-textarea-1_69d9057f2d004\" id=\"forminator-field-textarea-1_69d9057f2d004-label\" class=\"forminator-label\">Notes compl\u00e9mentaires<\/label><textarea name=\"textarea-1\" placeholder=\"0\" id=\"forminator-field-textarea-1_69d9057f2d004\" class=\"forminator-textarea\" rows=\"6\" style=\"min-height:140px;\" maxlength=\"180\" ><\/textarea><span id=\"forminator-field-textarea-1_69d9057f2d004-description\" class=\"forminator-description\"><span data-limit=\"180\" data-type=\"characters\" data-editor=\"\">0 \/ 180<\/span><\/span><\/div><\/div><\/div><div class=\"forminator-row\"><div id=\"name-1\" class=\"forminator-field-name forminator-col forminator-col-12\"><div class=\"forminator-row forminator-no-margin\" data-multiple=\"true\"><div class=\"forminator-col forminator-col-md-6\"><div class=\"forminator-field\"><label for=\"forminator-field-4207__field--name-1_69d9057f2d004\" id=\"forminator-field-4207__field--name-1_69d9057f2d004-label\" class=\"forminator-label\">Pr\u00e9fixe<\/label><select name=\"name-1-prefix\" id=\"forminator-field-4207__field--name-1_69d9057f2d004\" class=\"forminator-select2\" data-multi=\"1\" autocomplete=\"honorific-prefix\" aria-labelledby=\"forminator-field-4207__field--name-1_69d9057f2d004-label\" data-default-value=\"\"><option value=\"Mr\" >Mr.<\/option><option value=\"Mrs\" >Mrs.<\/option><option value=\"Ms\" >Ms.<\/option><option value=\"Mx\" >Mx.<\/option><option value=\"Miss\" >Miss<\/option><option value=\"Dr\" >Dr.<\/option><option value=\"Prof\" >Prof.<\/option><\/select><\/div><\/div><div class=\"forminator-col forminator-col-md-6\"><div class=\"forminator-field\"><label for=\"forminator-field-first-name-1_69d9057f2d004\" id=\"forminator-field-first-name-1_69d9057f2d004-label\" class=\"forminator-label\">First name <span class=\"forminator-required\">*<\/span><\/label><input type=\"text\" name=\"name-1-first-name\" placeholder=\"Par exemple\u00a0: Jean\" id=\"forminator-field-first-name-1_69d9057f2d004\" class=\"forminator-input\" aria-required=\"true\" data-multi=\"1\" autocomplete=\"given-name\" value=\"\" \/><\/div><\/div><div class=\"forminator-col forminator-col-md-6\"><div class=\"forminator-field\"><label for=\"forminator-field-middle-name-1_69d9057f2d004\" id=\"forminator-field-middle-name-1_69d9057f2d004-label\" class=\"forminator-label\">Deuxi\u00e8me pr\u00e9nom<\/label><input type=\"text\" name=\"name-1-middle-name\" placeholder=\"Par exemple\u00a0: Dupont\" id=\"forminator-field-middle-name-1_69d9057f2d004\" class=\"forminator-input\" aria-required=\"false\" data-multi=\"1\" autocomplete=\"additional-name\" value=\"\" \/><\/div><\/div><div class=\"forminator-col forminator-col-md-6\"><div class=\"forminator-field\"><label for=\"forminator-field-last-name-1_69d9057f2d004\" id=\"forminator-field-last-name-1_69d9057f2d004-label\" class=\"forminator-label\">Nom de famille <span class=\"forminator-required\">*<\/span><\/label><input type=\"text\" name=\"name-1-last-name\" placeholder=\"Par exemple\u00a0: Durand\" id=\"forminator-field-last-name-1_69d9057f2d004\" class=\"forminator-input\" aria-required=\"true\" data-multi=\"1\" autocomplete=\"family-name\" value=\"\" \/><\/div><\/div><\/div><\/div><\/div><div class=\"forminator-row\"><div id=\"email-1\" class=\"forminator-field-email forminator-col forminator-col-6\"><div class=\"forminator-field\"><label for=\"forminator-field-email-1_69d9057f2d004\" id=\"forminator-field-email-1_69d9057f2d004-label\" class=\"forminator-label\">Adresse de messagerie <span class=\"forminator-required\">*<\/span><\/label><input type=\"email\" name=\"email-1\" value=\"\" placeholder=\"Par exemple\u00a0: jacques@martin.com\" id=\"forminator-field-email-1_69d9057f2d004\" class=\"forminator-input forminator-email--field\" data-required=\"true\" aria-required=\"true\" autocomplete=\"email\" \/><\/div><\/div><div id=\"phone-1\" class=\"forminator-field-phone forminator-col forminator-col-6\"><div class=\"forminator-field\"><label for=\"forminator-field-phone-1_69d9057f2d004\" id=\"forminator-field-phone-1_69d9057f2d004-label\" class=\"forminator-label\">Num\u00e9ro de t\u00e9l\u00e9phone <span class=\"forminator-required\">*<\/span><\/label><input type=\"text\" name=\"phone-1\" value=\"\" placeholder=\"Par exemple\u00a0: +1 02 03 04 05\" id=\"forminator-field-phone-1_69d9057f2d004\" class=\"forminator-input forminator-field--phone\" data-required=\"1\" aria-required=\"true\" autocomplete=\"off\" data-national_mode=\"disabled\" data-country=\"CM\" data-validation=\"international\" \/><\/div><\/div><\/div><input type=\"hidden\" name=\"referer_url\" value=\"\" \/><div class=\"forminator-row forminator-row-last\"><div class=\"forminator-col\"><div class=\"forminator-field\"><button class=\"forminator-button forminator-button-submit\">Demander un devis<\/button><\/div><\/div><\/div><input type=\"hidden\" id=\"forminator_nonce\" name=\"forminator_nonce\" value=\"ae189586ea\" \/><input type=\"hidden\" name=\"_wp_http_referer\" value=\"\/en\/wp-json\/wp\/v2\/pages\/4202\" \/><input type=\"hidden\" name=\"form_id\" value=\"4207\"><input type=\"hidden\" name=\"page_id\" value=\"4202\"><input type=\"hidden\" name=\"form_type\" value=\"default\"><input type=\"hidden\" name=\"current_url\" value=\"https:\/\/fgbc.cm\/en\/devis\/\"><input type=\"hidden\" name=\"render_id\" value=\"0\"><input type=\"hidden\" name=\"action\" value=\"forminator_submit_form_custom-forms\"><input type=\"hidden\" name=\"trp-form-language\" value=\"en\"\/><\/form><\/p>\t\t\t\t\t\t\t\t<\/div>\n\t\t\t\t<\/div>\n\t\t\t\t\t<\/div>\n\t\t<\/div>\n\t\t\t\t\t<\/div>\n\t\t<\/section>\n\t\t\t\t\t<\/div>\n\t\t<\/div>\n\t\t\t\t\t<\/div>\n\t\t<\/section>\n\t\t\t\t<\/div>","protected":false},"excerpt":{"rendered":"<p>Obtenir une estimation pr\u00e9cise Avant d\u2019entreprendre un projet, il est essentiel d\u2019\u00e9tablir un budget de travaux. Cette \u00e9tape permet d\u2019estimer les d\u00e9penses relatives aux travaux et aux fournitures. Remplissez le formulaire ci-apr\u00e8s et nous vous r\u00e9pondrons dans les plus d\u00e9lais.<\/p>","protected":false},"author":6,"featured_media":0,"parent":0,"menu_order":0,"comment_status":"closed","ping_status":"closed","template":"","meta":{"inline_featured_image":false,"footnotes":""},"class_list":["post-4202","page","type-page","status-publish","hentry"],"_links":{"self":[{"href":"https:\/\/fgbc.cm\/en\/wp-json\/wp\/v2\/pages\/4202","targetHints":{"allow":["GET"]}}],"collection":[{"href":"https:\/\/fgbc.cm\/en\/wp-json\/wp\/v2\/pages"}],"about":[{"href":"https:\/\/fgbc.cm\/en\/wp-json\/wp\/v2\/types\/page"}],"author":[{"embeddable":true,"href":"https:\/\/fgbc.cm\/en\/wp-json\/wp\/v2\/users\/6"}],"replies":[{"embeddable":true,"href":"https:\/\/fgbc.cm\/en\/wp-json\/wp\/v2\/comments?post=4202"}],"version-history":[{"count":36,"href":"https:\/\/fgbc.cm\/en\/wp-json\/wp\/v2\/pages\/4202\/revisions"}],"predecessor-version":[{"id":4768,"href":"https:\/\/fgbc.cm\/en\/wp-json\/wp\/v2\/pages\/4202\/revisions\/4768"}],"wp:attachment":[{"href":"https:\/\/fgbc.cm\/en\/wp-json\/wp\/v2\/media?parent=4202"}],"curies":[{"name":"wp","href":"https:\/\/api.w.org\/{rel}","templated":true}]}}