{"id":4232,"date":"2021-12-15T14:18:29","date_gmt":"2021-12-15T14:18:29","guid":{"rendered":"https:\/?page_id=4232"},"modified":"2022-02-19T14:19:27","modified_gmt":"2022-02-19T14:19:27","slug":"wood","status":"publish","type":"page","link":"https:\/\/fgbc.cm\/en\/wood\/","title":{"rendered":"Forestry"},"content":{"rendered":"<div data-elementor-type=\"wp-page\" data-elementor-id=\"4232\" class=\"elementor elementor-4232\">\n\t\t\t\t\t\t<section class=\"has_eae_slider elementor-section elementor-top-section elementor-element elementor-element-2a3734a elementor-section-boxed elementor-section-height-default elementor-section-height-default\" data-eae-slider=\"47348\" data-id=\"2a3734a\" data-element_type=\"section\" data-e-type=\"section\">\n\t\t\t\t\t\t<div class=\"elementor-container elementor-column-gap-default\">\n\t\t\t\t\t<div class=\"has_eae_slider elementor-column elementor-col-50 elementor-top-column elementor-element elementor-element-c01cc1f\" data-eae-slider=\"5030\" data-id=\"c01cc1f\" data-element_type=\"column\" data-e-type=\"column\">\n\t\t\t<div class=\"elementor-widget-wrap elementor-element-populated\">\n\t\t\t\t\t\t<div class=\"elementor-element elementor-element-7ce4388 elementor-widget elementor-widget-image\" data-id=\"7ce4388\" data-element_type=\"widget\" data-e-type=\"widget\" data-widget_type=\"image.default\">\n\t\t\t\t<div class=\"elementor-widget-container\">\n\t\t\t\t\t\t\t\t\t\t\t\t\t\t\t<img fetchpriority=\"high\" decoding=\"async\" width=\"660\" height=\"495\" src=\"https:\/\/fgbc.cm\/wp-content\/uploads\/2021\/12\/trck.jpg\" class=\"attachment-large size-large wp-image-4451\" alt=\"\" \/>\t\t\t\t\t\t\t\t\t\t\t\t\t\t\t<\/div>\n\t\t\t\t<\/div>\n\t\t\t\t\t<\/div>\n\t\t<\/div>\n\t\t\t\t<div class=\"has_eae_slider elementor-column elementor-col-50 elementor-top-column elementor-element elementor-element-90f82da\" data-eae-slider=\"72685\" data-id=\"90f82da\" data-element_type=\"column\" data-e-type=\"column\">\n\t\t\t<div class=\"elementor-widget-wrap elementor-element-populated\">\n\t\t\t\t\t\t<div class=\"elementor-element elementor-element-8e85caa elementor-widget elementor-widget-heading\" data-id=\"8e85caa\" data-element_type=\"widget\" data-e-type=\"widget\" data-widget_type=\"heading.default\">\n\t\t\t\t<div class=\"elementor-widget-container\">\n\t\t\t\t\t<h1 class=\"elementor-heading-title elementor-size-default\">Our services in the wood sector include but not limited to: <\/h1>\t\t\t\t<\/div>\n\t\t\t\t<\/div>\n\t\t\t\t<div class=\"elementor-element elementor-element-29a7378 elementor-icon-list--layout-traditional elementor-list-item-link-full_width elementor-widget elementor-widget-icon-list\" data-id=\"29a7378\" data-element_type=\"widget\" data-e-type=\"widget\" data-widget_type=\"icon-list.default\">\n\t\t\t\t<div class=\"elementor-widget-container\">\n\t\t\t\t\t\t\t<ul class=\"elementor-icon-list-items\">\n\t\t\t\t\t\t\t<li class=\"elementor-icon-list-item\">\n\t\t\t\t\t\t\t\t\t\t\t<span class=\"elementor-icon-list-icon\">\n\t\t\t\t\t\t\t<i aria-hidden=\"true\" class=\"fas fa-check\"><\/i>\t\t\t\t\t\t<\/span>\n\t\t\t\t\t\t\t\t\t\t<span class=\"elementor-icon-list-text\">Negotiation of wood contracts<\/span>\n\t\t\t\t\t\t\t\t\t<\/li>\n\t\t\t\t\t\t\t\t<li class=\"elementor-icon-list-item\">\n\t\t\t\t\t\t\t\t\t\t\t<span class=\"elementor-icon-list-icon\">\n\t\t\t\t\t\t\t<i aria-hidden=\"true\" class=\"fas fa-check\"><\/i>\t\t\t\t\t\t<\/span>\n\t\t\t\t\t\t\t\t\t\t<span class=\"elementor-icon-list-text\">Exploitation and selling of wood <\/span>\n\t\t\t\t\t\t\t\t\t<\/li>\n\t\t\t\t\t\t\t\t<li class=\"elementor-icon-list-item\">\n\t\t\t\t\t\t\t\t\t\t\t<span class=\"elementor-icon-list-icon\">\n\t\t\t\t\t\t\t<i aria-hidden=\"true\" class=\"fas fa-check\"><\/i>\t\t\t\t\t\t<\/span>\n\t\t\t\t\t\t\t\t\t\t<span class=\"elementor-icon-list-text\">Consultant in wood firms <\/span>\n\t\t\t\t\t\t\t\t\t<\/li>\n\t\t\t\t\t\t\t\t<li class=\"elementor-icon-list-item\">\n\t\t\t\t\t\t\t\t\t\t\t<span class=\"elementor-icon-list-icon\">\n\t\t\t\t\t\t\t<i aria-hidden=\"true\" class=\"fas fa-check\"><\/i>\t\t\t\t\t\t<\/span>\n\t\t\t\t\t\t\t\t\t\t<span class=\"elementor-icon-list-text\">Implantation of international companies wanting to do wood business in Cameroon.<\/span>\n\t\t\t\t\t\t\t\t\t<\/li>\n\t\t\t\t\t\t<\/ul>\n\t\t\t\t\t\t<\/div>\n\t\t\t\t<\/div>\n\t\t\t\t<div class=\"elementor-element elementor-element-11185ed elementor-widget elementor-widget-text-editor\" data-id=\"11185ed\" data-element_type=\"widget\" data-e-type=\"widget\" data-widget_type=\"text-editor.default\">\n\t\t\t\t<div class=\"elementor-widget-container\">\n\t\t\t\t\t\t\t\t\t<p>Dot\u00e9e d\u2019une exp\u00e9rience qui parle pour nous, notre r\u00e9putation n\u2019est plus \u00e0 faire dans le domaine forestier enrichie par une forte polyvalence se traduisant par notre aptitude \u00e0 exercer dans toutes les branches du domaine forestier. A cet effet, nous exer\u00e7ons \u00a0tant le domaine amont qu\u2019aval du bois, c\u2019est-\u00e0-dire, de l\u2019exploitation foresti\u00e8re, en passant par la transformation, le n\u00e9goce, l\u2019accompagnement dans les formalit\u00e9s douani\u00e8res\u00a0; administratives\u00a0 et d\u2019exportation, le traitement du bois.<\/p>\t\t\t\t\t\t\t\t<\/div>\n\t\t\t\t<\/div>\n\t\t\t\t\t<\/div>\n\t\t<\/div>\n\t\t\t\t\t<\/div>\n\t\t<\/section>\n\t\t\t\t<section class=\"has_eae_slider elementor-section elementor-top-section elementor-element elementor-element-23998613 elementor-section-boxed elementor-section-height-default elementor-section-height-default\" data-eae-slider=\"66389\" data-id=\"23998613\" data-element_type=\"section\" data-e-type=\"section\">\n\t\t\t\t\t\t<div class=\"elementor-container elementor-column-gap-default\">\n\t\t\t\t\t<div class=\"has_eae_slider elementor-column elementor-col-100 elementor-top-column elementor-element elementor-element-6dfd1d02\" data-eae-slider=\"74708\" data-id=\"6dfd1d02\" data-element_type=\"column\" data-e-type=\"column\">\n\t\t\t<div class=\"elementor-widget-wrap elementor-element-populated\">\n\t\t\t\t\t\t<div class=\"elementor-element elementor-element-0b73244 elementor-widget elementor-widget-text-editor\" data-id=\"0b73244\" data-element_type=\"widget\" data-e-type=\"widget\" data-widget_type=\"text-editor.default\">\n\t\t\t\t<div class=\"elementor-widget-container\">\n\t\t\t\t\t\t\t\t\t<p>\u00a0Outre ces prestations, nous agissons \u00e9galement comme prospect, interm\u00e9diaire, n\u00e9gociateur des contrats dans le domaine forestier, en permettant \u00e0 l\u2019offre et \u00e0 la demande de se rencontrer et conclure des contrats, mais aussi en leur fournissant des agr\u00e9ments et des facilit\u00e9s fiscales. Sur ce dernier point, pr\u00e9cisons que la fiscalit\u00e9 dans le domaine forestier est extr\u00eamement sp\u00e9cifique et nous en avons fait notre domaine de pr\u00e9dilection ce qui nous a valu notre renomm\u00e9e \u00e0 l\u2019international, pour preuve, nous avons amen\u00e9 et accompagn\u00e9 plusieurs soci\u00e9t\u00e9s \u00e9trang\u00e8res dans leur implantation, leur d\u00e9ploiement et leur d\u00e9veloppement au Cameroun dans le domaine forestier.<\/p><p>Toutes ces prestations sont rendues ais\u00e9es et possibles en raison de notre carnet d\u2019adresse fourni, tiss\u00e9 \u00e0 force de temps, d\u2019exp\u00e9rience et de savoir-faire renforc\u00e9 par notre qualit\u00e9 et rigueur et discipline de travail qui \u00e0 ce jour nous rend pratiquement incontournable.<\/p>\t\t\t\t\t\t\t\t<\/div>\n\t\t\t\t<\/div>\n\t\t\t\t\t<\/div>\n\t\t<\/div>\n\t\t\t\t\t<\/div>\n\t\t<\/section>\n\t\t\t\t<\/div>","protected":false},"excerpt":{"rendered":"<p>Nos services dans le secteur de la foresterie La N\u00e9gociation de contrats L\u2019Exploitation et la vente de bois Consultant dans les entreprises de foresterie Accompagnement et implantation des entreprises internationales voulant mener des activit\u00e9s de foresterie au Cameroun. Dot\u00e9e d\u2019une exp\u00e9rience qui parle pour nous, notre r\u00e9putation n\u2019est plus \u00e0 faire dans le domaine forestier &hellip; <a href=\"https:\/\/fgbc.cm\/en\/wood\/\" class=\"more-link\">Continue reading <span class=\"screen-reader-text\">Forestry<\/span><\/a><\/p>","protected":false},"author":6,"featured_media":0,"parent":0,"menu_order":0,"comment_status":"closed","ping_status":"closed","template":"","meta":{"inline_featured_image":false,"footnotes":""},"class_list":["post-4232","page","type-page","status-publish","hentry"],"_links":{"self":[{"href":"https:\/\/fgbc.cm\/en\/wp-json\/wp\/v2\/pages\/4232","targetHints":{"allow":["GET"]}}],"collection":[{"href":"https:\/\/fgbc.cm\/en\/wp-json\/wp\/v2\/pages"}],"about":[{"href":"https:\/\/fgbc.cm\/en\/wp-json\/wp\/v2\/types\/page"}],"author":[{"embeddable":true,"href":"https:\/\/fgbc.cm\/en\/wp-json\/wp\/v2\/users\/6"}],"replies":[{"embeddable":true,"href":"https:\/\/fgbc.cm\/en\/wp-json\/wp\/v2\/comments?post=4232"}],"version-history":[{"count":30,"href":"https:\/\/fgbc.cm\/en\/wp-json\/wp\/v2\/pages\/4232\/revisions"}],"predecessor-version":[{"id":5018,"href":"https:\/\/fgbc.cm\/en\/wp-json\/wp\/v2\/pages\/4232\/revisions\/5018"}],"wp:attachment":[{"href":"https:\/\/fgbc.cm\/en\/wp-json\/wp\/v2\/media?parent=4232"}],"curies":[{"name":"wp","href":"https:\/\/api.w.org\/{rel}","templated":true}]}}