{"id":4234,"date":"2021-12-15T14:18:58","date_gmt":"2021-12-15T14:18:58","guid":{"rendered":"https:\/?page_id=4234"},"modified":"2022-02-19T14:38:09","modified_gmt":"2022-02-19T14:38:09","slug":"agriculture","status":"publish","type":"page","link":"https:\/\/fgbc.cm\/en\/agriculture\/","title":{"rendered":"Agriculture"},"content":{"rendered":"<div data-elementor-type=\"wp-page\" data-elementor-id=\"4234\" class=\"elementor elementor-4234\">\n\t\t\t\t\t\t<section class=\"has_eae_slider elementor-section elementor-top-section elementor-element elementor-element-38403cf elementor-section-boxed elementor-section-height-default elementor-section-height-default\" data-eae-slider=\"8611\" data-id=\"38403cf\" data-element_type=\"section\" data-e-type=\"section\">\n\t\t\t\t\t\t<div class=\"elementor-container elementor-column-gap-default\">\n\t\t\t\t\t<div class=\"has_eae_slider elementor-column elementor-col-50 elementor-top-column elementor-element elementor-element-7d4e966\" data-eae-slider=\"78492\" data-id=\"7d4e966\" data-element_type=\"column\" data-e-type=\"column\">\n\t\t\t<div class=\"elementor-widget-wrap elementor-element-populated\">\n\t\t\t\t\t\t<div class=\"elementor-element elementor-element-2dce149 elementor-widget elementor-widget-image\" data-id=\"2dce149\" data-element_type=\"widget\" data-e-type=\"widget\" data-widget_type=\"image.default\">\n\t\t\t\t<div class=\"elementor-widget-container\">\n\t\t\t\t\t\t\t\t\t\t\t\t\t\t\t<img fetchpriority=\"high\" decoding=\"async\" width=\"660\" height=\"825\" src=\"https:\/\/fgbc.cm\/wp-content\/uploads\/2021\/12\/navkaran-singh-b-0-LM0wzWM-unsplash-scaled.jpg\" class=\"attachment-large size-large wp-image-4370\" alt=\"\" \/>\t\t\t\t\t\t\t\t\t\t\t\t\t\t\t<\/div>\n\t\t\t\t<\/div>\n\t\t\t\t\t<\/div>\n\t\t<\/div>\n\t\t\t\t<div class=\"has_eae_slider elementor-column elementor-col-50 elementor-top-column elementor-element elementor-element-6d01ffc\" data-eae-slider=\"16662\" data-id=\"6d01ffc\" data-element_type=\"column\" data-e-type=\"column\">\n\t\t\t<div class=\"elementor-widget-wrap elementor-element-populated\">\n\t\t\t\t\t\t<div class=\"elementor-element elementor-element-67a5794 elementor-widget elementor-widget-heading\" data-id=\"67a5794\" data-element_type=\"widget\" data-e-type=\"widget\" data-widget_type=\"heading.default\">\n\t\t\t\t<div class=\"elementor-widget-container\">\n\t\t\t\t\t<h1 class=\"elementor-heading-title elementor-size-default\">Services we offer in the agricultural sector<\/h1>\t\t\t\t<\/div>\n\t\t\t\t<\/div>\n\t\t\t\t<div class=\"elementor-element elementor-element-ec355cb elementor-icon-list--layout-traditional elementor-list-item-link-full_width elementor-widget elementor-widget-icon-list\" data-id=\"ec355cb\" data-element_type=\"widget\" data-e-type=\"widget\" data-widget_type=\"icon-list.default\">\n\t\t\t\t<div class=\"elementor-widget-container\">\n\t\t\t\t\t\t\t<ul class=\"elementor-icon-list-items\">\n\t\t\t\t\t\t\t<li class=\"elementor-icon-list-item\">\n\t\t\t\t\t\t\t\t\t\t\t<span class=\"elementor-icon-list-icon\">\n\t\t\t\t\t\t\t<i aria-hidden=\"true\" class=\"fas fa-check\"><\/i>\t\t\t\t\t\t<\/span>\n\t\t\t\t\t\t\t\t\t\t<span class=\"elementor-icon-list-text\">Real estate services in the prospection and buying of farmlands<\/span>\n\t\t\t\t\t\t\t\t\t<\/li>\n\t\t\t\t\t\t\t\t<li class=\"elementor-icon-list-item\">\n\t\t\t\t\t\t\t\t\t\t\t<span class=\"elementor-icon-list-icon\">\n\t\t\t\t\t\t\t<i aria-hidden=\"true\" class=\"fas fa-check\"><\/i>\t\t\t\t\t\t<\/span>\n\t\t\t\t\t\t\t\t\t\t<span class=\"elementor-icon-list-text\">Design, management and evaluation of agricultural projects<\/span>\n\t\t\t\t\t\t\t\t\t<\/li>\n\t\t\t\t\t\t\t\t<li class=\"elementor-icon-list-item\">\n\t\t\t\t\t\t\t\t\t\t\t<span class=\"elementor-icon-list-icon\">\n\t\t\t\t\t\t\t<i aria-hidden=\"true\" class=\"fas fa-check\"><\/i>\t\t\t\t\t\t<\/span>\n\t\t\t\t\t\t\t\t\t\t<span class=\"elementor-icon-list-text\">Extension and modernization of agricultural project<\/span>\n\t\t\t\t\t\t\t\t\t<\/li>\n\t\t\t\t\t\t\t\t<li class=\"elementor-icon-list-item\">\n\t\t\t\t\t\t\t\t\t\t\t<span class=\"elementor-icon-list-icon\">\n\t\t\t\t\t\t\t<i aria-hidden=\"true\" class=\"fas fa-check\"><\/i>\t\t\t\t\t\t<\/span>\n\t\t\t\t\t\t\t\t\t\t<span class=\"elementor-icon-list-text\">Consulting and development of business plan in the agricultural projects<\/span>\n\t\t\t\t\t\t\t\t\t<\/li>\n\t\t\t\t\t\t\t\t<li class=\"elementor-icon-list-item\">\n\t\t\t\t\t\t\t\t\t\t\t<span class=\"elementor-icon-list-icon\">\n\t\t\t\t\t\t\t<i aria-hidden=\"true\" class=\"fas fa-check\"><\/i>\t\t\t\t\t\t<\/span>\n\t\t\t\t\t\t\t\t\t\t<span class=\"elementor-icon-list-text\">Optimize the finance and engagement of other \nprojects to agricultural projects through consulting.<\/span>\n\t\t\t\t\t\t\t\t\t<\/li>\n\t\t\t\t\t\t<\/ul>\n\t\t\t\t\t\t<\/div>\n\t\t\t\t<\/div>\n\t\t\t\t<div class=\"elementor-element elementor-element-51b7d66 elementor-widget elementor-widget-text-editor\" data-id=\"51b7d66\" data-element_type=\"widget\" data-e-type=\"widget\" data-widget_type=\"text-editor.default\">\n\t\t\t\t<div class=\"elementor-widget-container\">\n\t\t\t\t\t\t\t\t\t<p>Nous l\u2019avons compris, au Cameroun, les opportunit\u00e9s qu\u2019offre le domaine agricole et pastorale sont immenses, et nous ne saurions rester \u00e0 la traine, \u00e0 cet effet, nous nous sommes lanc\u00e9s il Ya plusieurs ann\u00e9es d\u00e9j\u00e0 dans la mise en \u0153uvre des espaces cultiv\u00e9s, en optant pour des cultures semi p\u00e9rennes et p\u00e9rennes avec pour objectif une industrialisation et donc la production \u00e0 grande \u00e9chelle afin de desservir des march\u00e9s nationaux, r\u00e9gionaux et m\u00eame \u00e0 long terme internationaux. Le domaine pastorale ob\u00e9it \u00e0 la m\u00eame d\u00e9marche avec pour point commun, des productions bio et respectant l\u2019environnement, mais tourn\u00e9 vers la modernisation des m\u00e9thodes, des concepts innovants et des activit\u00e9s d\u00e9di\u00e9es parce que pens\u00e9es, et projet\u00e9es\u00a0: au-del\u00e0 du fait que l\u2019offre doit s\u2019adapter \u00e0 la demande, nous avons pour ambitions de cr\u00e9er la demande en suscitant le besoin et c\u2019est l\u00e0 ce qui nous d\u00e9marque des autres. Nous ne reculons sur aucun moyen et n\u2019avons de ce fait pas peur de \u00a0commencer par proc\u00e9der par des cultures exp\u00e9rimentales test qui constituent pour nous des essais concrets \u00e0 ciel ouverts et non des pertes, car la qu\u00eate de la perfection a un prix et nous avons choisi de le payer pour offrir des produits de qualit\u00e9s<\/p>\t\t\t\t\t\t\t\t<\/div>\n\t\t\t\t<\/div>\n\t\t\t\t\t<\/div>\n\t\t<\/div>\n\t\t\t\t\t<\/div>\n\t\t<\/section>\n\t\t\t\t<\/div>","protected":false},"excerpt":{"rendered":"<p>Nos differents services en agricultures Prospection et l\u2019achat de terres agricoles Conception, gestion et \u00e9valuation de projets agricoles Extension et modernisation des projets agricoles Conseil et \u00e9laboration de business plan pour des projets agricoles Optimisation des financements et l\u2019engagement des autres des projets aux projets agricoles gr\u00e2ce \u00e0 un accompagnement sp\u00e9cialis\u00e9. Nous l\u2019avons compris, au &hellip; <a href=\"https:\/\/fgbc.cm\/en\/agriculture\/\" class=\"more-link\">Continue reading <span class=\"screen-reader-text\">Agriculture<\/span><\/a><\/p>","protected":false},"author":6,"featured_media":0,"parent":0,"menu_order":0,"comment_status":"closed","ping_status":"closed","template":"","meta":{"inline_featured_image":false,"footnotes":""},"class_list":["post-4234","page","type-page","status-publish","hentry"],"_links":{"self":[{"href":"https:\/\/fgbc.cm\/en\/wp-json\/wp\/v2\/pages\/4234","targetHints":{"allow":["GET"]}}],"collection":[{"href":"https:\/\/fgbc.cm\/en\/wp-json\/wp\/v2\/pages"}],"about":[{"href":"https:\/\/fgbc.cm\/en\/wp-json\/wp\/v2\/types\/page"}],"author":[{"embeddable":true,"href":"https:\/\/fgbc.cm\/en\/wp-json\/wp\/v2\/users\/6"}],"replies":[{"embeddable":true,"href":"https:\/\/fgbc.cm\/en\/wp-json\/wp\/v2\/comments?post=4234"}],"version-history":[{"count":26,"href":"https:\/\/fgbc.cm\/en\/wp-json\/wp\/v2\/pages\/4234\/revisions"}],"predecessor-version":[{"id":5059,"href":"https:\/\/fgbc.cm\/en\/wp-json\/wp\/v2\/pages\/4234\/revisions\/5059"}],"wp:attachment":[{"href":"https:\/\/fgbc.cm\/en\/wp-json\/wp\/v2\/media?parent=4234"}],"curies":[{"name":"wp","href":"https:\/\/api.w.org\/{rel}","templated":true}]}}