{"id":4236,"date":"2021-12-15T14:19:25","date_gmt":"2021-12-15T14:19:25","guid":{"rendered":"https:\/?page_id=4236"},"modified":"2022-03-25T14:52:33","modified_gmt":"2022-03-25T14:52:33","slug":"business","status":"publish","type":"page","link":"https:\/\/fgbc.cm\/en\/business\/","title":{"rendered":"Business"},"content":{"rendered":"<div data-elementor-type=\"wp-page\" data-elementor-id=\"4236\" class=\"elementor elementor-4236\">\n\t\t\t\t\t\t<section class=\"has_eae_slider elementor-section elementor-top-section elementor-element elementor-element-a57deb1 elementor-section-boxed elementor-section-height-default elementor-section-height-default\" data-eae-slider=\"93033\" data-id=\"a57deb1\" data-element_type=\"section\" data-e-type=\"section\">\n\t\t\t\t\t\t<div class=\"elementor-container elementor-column-gap-default\">\n\t\t\t\t\t<div class=\"has_eae_slider elementor-column elementor-col-50 elementor-top-column elementor-element elementor-element-d2e9f5e\" data-eae-slider=\"62390\" data-id=\"d2e9f5e\" data-element_type=\"column\" data-e-type=\"column\">\n\t\t\t<div class=\"elementor-widget-wrap elementor-element-populated\">\n\t\t\t\t\t\t<div class=\"elementor-element elementor-element-5df5ca0 elementor-widget elementor-widget-image\" data-id=\"5df5ca0\" data-element_type=\"widget\" data-e-type=\"widget\" data-widget_type=\"image.default\">\n\t\t\t\t<div class=\"elementor-widget-container\">\n\t\t\t\t\t\t\t\t\t\t\t\t\t\t\t<img fetchpriority=\"high\" decoding=\"async\" width=\"660\" height=\"507\" src=\"https:\/\/fgbc.cm\/wp-content\/uploads\/2021\/12\/qgree.png\" class=\"attachment-large size-large wp-image-4467\" alt=\"\" \/>\t\t\t\t\t\t\t\t\t\t\t\t\t\t\t<\/div>\n\t\t\t\t<\/div>\n\t\t\t\t\t<\/div>\n\t\t<\/div>\n\t\t\t\t<div class=\"has_eae_slider elementor-column elementor-col-50 elementor-top-column elementor-element elementor-element-b82dfb9\" data-eae-slider=\"52330\" data-id=\"b82dfb9\" data-element_type=\"column\" data-e-type=\"column\">\n\t\t\t<div class=\"elementor-widget-wrap elementor-element-populated\">\n\t\t\t\t\t\t<div class=\"elementor-element elementor-element-b6adeb9 elementor-widget elementor-widget-heading\" data-id=\"b6adeb9\" data-element_type=\"widget\" data-e-type=\"widget\" data-widget_type=\"heading.default\">\n\t\t\t\t<div class=\"elementor-widget-container\">\n\t\t\t\t\t<h2 class=\"elementor-heading-title elementor-size-default\">Our services<\/h2>\t\t\t\t<\/div>\n\t\t\t\t<\/div>\n\t\t\t\t<div class=\"elementor-element elementor-element-1f14cf4 elementor-icon-list--layout-traditional elementor-list-item-link-full_width elementor-widget elementor-widget-icon-list\" data-id=\"1f14cf4\" data-element_type=\"widget\" data-e-type=\"widget\" data-widget_type=\"icon-list.default\">\n\t\t\t\t<div class=\"elementor-widget-container\">\n\t\t\t\t\t\t\t<ul class=\"elementor-icon-list-items\">\n\t\t\t\t\t\t\t<li class=\"elementor-icon-list-item\">\n\t\t\t\t\t\t\t\t\t\t\t<span class=\"elementor-icon-list-icon\">\n\t\t\t\t\t\t\t<i aria-hidden=\"true\" class=\"fas fa-check\"><\/i>\t\t\t\t\t\t<\/span>\n\t\t\t\t\t\t\t\t\t\t<span class=\"elementor-icon-list-text\">Nous repr\u00e9sentons\/assistons les entreprises nationales et externes au Cameroun<\/span>\n\t\t\t\t\t\t\t\t\t<\/li>\n\t\t\t\t\t\t\t\t<li class=\"elementor-icon-list-item\">\n\t\t\t\t\t\t\t\t\t\t\t<span class=\"elementor-icon-list-icon\">\n\t\t\t\t\t\t\t<i aria-hidden=\"true\" class=\"fas fa-check\"><\/i>\t\t\t\t\t\t<\/span>\n\t\t\t\t\t\t\t\t\t\t<span class=\"elementor-icon-list-text\">Sales of different services in all sectors<\/span>\n\t\t\t\t\t\t\t\t\t<\/li>\n\t\t\t\t\t\t\t\t<li class=\"elementor-icon-list-item\">\n\t\t\t\t\t\t\t\t\t\t\t<span class=\"elementor-icon-list-icon\">\n\t\t\t\t\t\t\t<i aria-hidden=\"true\" class=\"fas fa-check\"><\/i>\t\t\t\t\t\t<\/span>\n\t\t\t\t\t\t\t\t\t\t<span class=\"elementor-icon-list-text\">Asist investors in identifying potential businesses<\/span>\n\t\t\t\t\t\t\t\t\t<\/li>\n\t\t\t\t\t\t\t\t<li class=\"elementor-icon-list-item\">\n\t\t\t\t\t\t\t\t\t\t\t<span class=\"elementor-icon-list-icon\">\n\t\t\t\t\t\t\t<i aria-hidden=\"true\" class=\"fas fa-check\"><\/i>\t\t\t\t\t\t<\/span>\n\t\t\t\t\t\t\t\t\t\t<span class=\"elementor-icon-list-text\">Link business partners<\/span>\n\t\t\t\t\t\t\t\t\t<\/li>\n\t\t\t\t\t\t<\/ul>\n\t\t\t\t\t\t<\/div>\n\t\t\t\t<\/div>\n\t\t\t\t<div class=\"elementor-element elementor-element-fe0b042 elementor-widget elementor-widget-text-editor\" data-id=\"fe0b042\" data-element_type=\"widget\" data-e-type=\"widget\" data-widget_type=\"text-editor.default\">\n\t\t\t\t<div class=\"elementor-widget-container\">\n\t\t\t\t\t\t\t\t\t<p>Notre vision et notre ambition \u00e9tant port\u00e9es par une dynamique, nous avons mis en place un syst\u00e8me de pilotage de tout ou partie des entreprises en effectuant un pilotage sous diverses formules\u00a0:<\/p><p>Pilotage externalis\u00e9\u00a0: nous pilotons les soci\u00e9t\u00e9s toute enti\u00e8re sous forme de mandat, de Direction g\u00e9n\u00e9rale adjointe, ou tout simplement, certaines unit\u00e9s des dites soci\u00e9t\u00e9s<\/p><p>Pilotage internalis\u00e9\u00a0: nous assistons les unit\u00e9s dans la r\u00e9alisation de leurs travaux quotidiens en coordonnant leurs t\u00e2ches et en\u00a0 les d\u00e9veloppant tout en leur garantissant un accroissement de leur efficacit\u00e9<\/p>\t\t\t\t\t\t\t\t<\/div>\n\t\t\t\t<\/div>\n\t\t\t\t\t<\/div>\n\t\t<\/div>\n\t\t\t\t\t<\/div>\n\t\t<\/section>\n\t\t\t\t<section class=\"has_eae_slider elementor-section elementor-top-section elementor-element elementor-element-b296464 elementor-section-boxed elementor-section-height-default elementor-section-height-default\" data-eae-slider=\"64139\" data-id=\"b296464\" data-element_type=\"section\" data-e-type=\"section\">\n\t\t\t\t\t\t<div class=\"elementor-container elementor-column-gap-default\">\n\t\t\t\t\t<div class=\"has_eae_slider elementor-column elementor-col-100 elementor-top-column elementor-element elementor-element-6c040aa\" data-eae-slider=\"92341\" data-id=\"6c040aa\" data-element_type=\"column\" data-e-type=\"column\">\n\t\t\t<div class=\"elementor-widget-wrap elementor-element-populated\">\n\t\t\t\t\t\t<div class=\"elementor-element elementor-element-de237ab elementor-widget elementor-widget-spacer\" data-id=\"de237ab\" data-element_type=\"widget\" data-e-type=\"widget\" data-widget_type=\"spacer.default\">\n\t\t\t\t<div class=\"elementor-widget-container\">\n\t\t\t\t\t\t\t<div class=\"elementor-spacer\">\n\t\t\t<div class=\"elementor-spacer-inner\"><\/div>\n\t\t<\/div>\n\t\t\t\t\t\t<\/div>\n\t\t\t\t<\/div>\n\t\t\t\t\t<\/div>\n\t\t<\/div>\n\t\t\t\t\t<\/div>\n\t\t<\/section>\n\t\t\t\t<section class=\"has_eae_slider elementor-section elementor-top-section elementor-element elementor-element-83482ba elementor-section-boxed elementor-section-height-default elementor-section-height-default\" data-eae-slider=\"4438\" data-id=\"83482ba\" data-element_type=\"section\" data-e-type=\"section\">\n\t\t\t\t\t\t<div class=\"elementor-container elementor-column-gap-default\">\n\t\t\t\t\t<div class=\"has_eae_slider elementor-column elementor-col-100 elementor-top-column elementor-element elementor-element-9d7b829\" data-eae-slider=\"74545\" data-id=\"9d7b829\" data-element_type=\"column\" data-e-type=\"column\">\n\t\t\t<div class=\"elementor-widget-wrap elementor-element-populated\">\n\t\t\t\t\t\t<div class=\"elementor-element elementor-element-37cffcb elementor-widget elementor-widget-heading\" data-id=\"37cffcb\" data-element_type=\"widget\" data-e-type=\"widget\" data-widget_type=\"heading.default\">\n\t\t\t\t<div class=\"elementor-widget-container\">\n\t\t\t\t\t<h2 class=\"elementor-heading-title elementor-size-default\">IMPLANTATION DES SOCIETES AU CAMEROUN<\/h2>\t\t\t\t<\/div>\n\t\t\t\t<\/div>\n\t\t\t\t\t<\/div>\n\t\t<\/div>\n\t\t\t\t\t<\/div>\n\t\t<\/section>\n\t\t\t\t<section class=\"has_eae_slider elementor-section elementor-top-section elementor-element elementor-element-8bb8660 elementor-section-boxed elementor-section-height-default elementor-section-height-default\" data-eae-slider=\"1489\" data-id=\"8bb8660\" data-element_type=\"section\" data-e-type=\"section\">\n\t\t\t\t\t\t<div class=\"elementor-container elementor-column-gap-default\">\n\t\t\t\t\t<div class=\"has_eae_slider elementor-column elementor-col-100 elementor-top-column elementor-element elementor-element-17256e2\" data-eae-slider=\"66002\" data-id=\"17256e2\" data-element_type=\"column\" data-e-type=\"column\">\n\t\t\t<div class=\"elementor-widget-wrap elementor-element-populated\">\n\t\t\t\t\t\t<div class=\"elementor-element elementor-element-771cece elementor-widget elementor-widget-text-editor\" data-id=\"771cece\" data-element_type=\"widget\" data-e-type=\"widget\" data-widget_type=\"text-editor.default\">\n\t\t\t\t<div class=\"elementor-widget-container\">\n\t\t\t\t\t\t\t\t\t<p>Accompagn\u00e9e par des consuls de divers pays \u00e9trangers, nous aidons des entreprises \u00e9trang\u00e8res d\u00e9sireuses de mener des affaires au Cameroun, \u00e0 s\u2019implanter, en leur donnant toutes les informations leur permettant d\u2019avoir une visibilit\u00e9 exacte de l\u2019activit\u00e9 potentielle \u00e0 exercer\u00a0via des \u00e9tudes\u00a0professionnelles minutieusement men\u00e9es. Cette proc\u00e9dure d\u2019implantation inclut \u00e9galement un accompagnement de proximit\u00e9 dans tous les domaines o\u00f9 nous sommes sollicit\u00e9s, y compris la conclusion des contrats d\u2019affaires avec des locaux, ainsi que les diverses formalit\u00e9s administratives d\u2019usage requises en la mati\u00e8re \u00e0 effectuer sp\u00e9cifiquement au domaine d\u2019activit\u00e9 choisi. Nous donnons \u00e9galement \u00e0 nos clients une possibilit\u00e9 de p\u00e9renniser ces accords en les r\u00e9adaptant ou en les conservant en l\u2019\u00e9tat, le but est de faire le maximum pour que nos clients r\u00e9alisent leur projet et ceci inclut sa rentabilit\u00e9.<\/p>\t\t\t\t\t\t\t\t<\/div>\n\t\t\t\t<\/div>\n\t\t\t\t\t<\/div>\n\t\t<\/div>\n\t\t\t\t\t<\/div>\n\t\t<\/section>\n\t\t\t\t<section class=\"has_eae_slider elementor-section elementor-top-section elementor-element elementor-element-3304eb6 elementor-section-boxed elementor-section-height-default elementor-section-height-default\" data-eae-slider=\"73927\" data-id=\"3304eb6\" data-element_type=\"section\" data-e-type=\"section\">\n\t\t\t\t\t\t<div class=\"elementor-container elementor-column-gap-default\">\n\t\t\t\t\t<div class=\"has_eae_slider elementor-column elementor-col-100 elementor-top-column elementor-element elementor-element-156d1b0\" data-eae-slider=\"19505\" data-id=\"156d1b0\" data-element_type=\"column\" data-e-type=\"column\">\n\t\t\t<div class=\"elementor-widget-wrap elementor-element-populated\">\n\t\t\t\t\t\t<div class=\"elementor-element elementor-element-34040e9 elementor-widget elementor-widget-spacer\" data-id=\"34040e9\" data-element_type=\"widget\" data-e-type=\"widget\" data-widget_type=\"spacer.default\">\n\t\t\t\t<div class=\"elementor-widget-container\">\n\t\t\t\t\t\t\t<div class=\"elementor-spacer\">\n\t\t\t<div class=\"elementor-spacer-inner\"><\/div>\n\t\t<\/div>\n\t\t\t\t\t\t<\/div>\n\t\t\t\t<\/div>\n\t\t\t\t\t<\/div>\n\t\t<\/div>\n\t\t\t\t\t<\/div>\n\t\t<\/section>\n\t\t\t\t<section class=\"has_eae_slider elementor-section elementor-top-section elementor-element elementor-element-a453436 elementor-section-boxed elementor-section-height-default elementor-section-height-default\" data-eae-slider=\"13152\" data-id=\"a453436\" data-element_type=\"section\" data-e-type=\"section\">\n\t\t\t\t\t\t<div class=\"elementor-container elementor-column-gap-default\">\n\t\t\t\t\t<div class=\"has_eae_slider elementor-column elementor-col-100 elementor-top-column elementor-element elementor-element-3973ab9\" data-eae-slider=\"34055\" data-id=\"3973ab9\" data-element_type=\"column\" data-e-type=\"column\">\n\t\t\t<div class=\"elementor-widget-wrap elementor-element-populated\">\n\t\t\t\t\t\t<div class=\"elementor-element elementor-element-18f19fb elementor-widget elementor-widget-heading\" data-id=\"18f19fb\" data-element_type=\"widget\" data-e-type=\"widget\" data-widget_type=\"heading.default\">\n\t\t\t\t<div class=\"elementor-widget-container\">\n\t\t\t\t\t<h2 class=\"elementor-heading-title elementor-size-default\">LA REPRESENTATION DES SOCIETES<\/h2>\t\t\t\t<\/div>\n\t\t\t\t<\/div>\n\t\t\t\t\t<\/div>\n\t\t<\/div>\n\t\t\t\t\t<\/div>\n\t\t<\/section>\n\t\t\t\t<section class=\"has_eae_slider elementor-section elementor-top-section elementor-element elementor-element-06286fc elementor-section-boxed elementor-section-height-default elementor-section-height-default\" data-eae-slider=\"69514\" data-id=\"06286fc\" data-element_type=\"section\" data-e-type=\"section\">\n\t\t\t\t\t\t<div class=\"elementor-container elementor-column-gap-default\">\n\t\t\t\t\t<div class=\"has_eae_slider elementor-column elementor-col-100 elementor-top-column elementor-element elementor-element-171cf04\" data-eae-slider=\"82784\" data-id=\"171cf04\" data-element_type=\"column\" data-e-type=\"column\">\n\t\t\t<div class=\"elementor-widget-wrap elementor-element-populated\">\n\t\t\t\t\t\t<div class=\"elementor-element elementor-element-843ffcb elementor-widget elementor-widget-text-editor\" data-id=\"843ffcb\" data-element_type=\"widget\" data-e-type=\"widget\" data-widget_type=\"text-editor.default\">\n\t\t\t\t<div class=\"elementor-widget-container\">\n\t\t\t\t\t\t\t\t\t<p>Ce n\u2019est plus un secret pour personne, l\u2019Afrique en g\u00e9n\u00e9ral et le Cameroun en particulier est le nouvel eldorado pour toute compagnie \u00e9trang\u00e8re soucieuse de conqu\u00eate, d\u2019expansion, de p\u00e9rennit\u00e9 et de la recherche d\u2019une main d\u2019\u0153uvre bon march\u00e9, c\u2019est donc pour r\u00e9pondre \u00e0 cet attente que nous proposons \u00e0 toute soci\u00e9t\u00e9 \u00e9trang\u00e8re qui souhaite exister et s\u2019installer au Cameroun ou dans la sous-r\u00e9gion sans pour autant se d\u00e9placer physiquement cette option de repr\u00e9sentation en raison de notre bonne ma\u00eetrise terrain et administrative de nos r\u00e9alit\u00e9s renforc\u00e9s par la diversit\u00e9 de nos domaines de comp\u00e9tence. En effet, le Cameroun a de grandes sp\u00e9cificit\u00e9s \u00e9conomiques et r\u00e9elles qui mal<br \/>analys\u00e9es sont susceptibles d\u2019entraver le succ\u00e8s d\u2019une entreprise. Nous repr\u00e9sentons ces entreprises en respect du cahier de charge transmis et des limit\u00e9s qu\u2019elles nous fixent mais toujours en garantissant notre professionnalisme, la diligence dans l\u2019atteinte de nos objectifs et de fortes valeurs \u00e9thiques qui viennent nous d\u00e9marquer des autres. Nous mettons \u00e9galement \u00e0 la disposition de notre client\u00e8le, notre carnet d\u2019adresse.<\/p>\t\t\t\t\t\t\t\t<\/div>\n\t\t\t\t<\/div>\n\t\t\t\t\t<\/div>\n\t\t<\/div>\n\t\t\t\t\t<\/div>\n\t\t<\/section>\n\t\t\t\t<\/div>","protected":false},"excerpt":{"rendered":"<p>Nos services en entreprise Nous repr\u00e9sentons\/assistons les entreprises nationales et externes au Cameroun Nous proposons aux investisseurs diff\u00e9rents services dans tous les secteurs Identification des opportunit\u00e9s d\u2019affaires Connexion avec les partenaires commerciaux. Notre vision et notre ambition \u00e9tant port\u00e9es par une dynamique, nous avons mis en place un syst\u00e8me de pilotage de tout ou partie &hellip; <a href=\"https:\/\/fgbc.cm\/en\/business\/\" class=\"more-link\">Continue reading <span class=\"screen-reader-text\">Business<\/span><\/a><\/p>","protected":false},"author":6,"featured_media":0,"parent":0,"menu_order":0,"comment_status":"closed","ping_status":"closed","template":"","meta":{"inline_featured_image":false,"footnotes":""},"class_list":["post-4236","page","type-page","status-publish","hentry"],"_links":{"self":[{"href":"https:\/\/fgbc.cm\/en\/wp-json\/wp\/v2\/pages\/4236","targetHints":{"allow":["GET"]}}],"collection":[{"href":"https:\/\/fgbc.cm\/en\/wp-json\/wp\/v2\/pages"}],"about":[{"href":"https:\/\/fgbc.cm\/en\/wp-json\/wp\/v2\/types\/page"}],"author":[{"embeddable":true,"href":"https:\/\/fgbc.cm\/en\/wp-json\/wp\/v2\/users\/6"}],"replies":[{"embeddable":true,"href":"https:\/\/fgbc.cm\/en\/wp-json\/wp\/v2\/comments?post=4236"}],"version-history":[{"count":24,"href":"https:\/\/fgbc.cm\/en\/wp-json\/wp\/v2\/pages\/4236\/revisions"}],"predecessor-version":[{"id":5244,"href":"https:\/\/fgbc.cm\/en\/wp-json\/wp\/v2\/pages\/4236\/revisions\/5244"}],"wp:attachment":[{"href":"https:\/\/fgbc.cm\/en\/wp-json\/wp\/v2\/media?parent=4236"}],"curies":[{"name":"wp","href":"https:\/\/api.w.org\/{rel}","templated":true}]}}