{"id":4242,"date":"2021-12-15T14:20:16","date_gmt":"2021-12-15T14:20:16","guid":{"rendered":"https:\/?page_id=4242"},"modified":"2022-02-19T14:32:07","modified_gmt":"2022-02-19T14:32:07","slug":"projects","status":"publish","type":"page","link":"https:\/\/fgbc.cm\/en\/projects\/","title":{"rendered":"Projects"},"content":{"rendered":"<div data-elementor-type=\"wp-page\" data-elementor-id=\"4242\" class=\"elementor elementor-4242\">\n\t\t\t\t\t\t<section class=\"has_eae_slider elementor-section elementor-top-section elementor-element elementor-element-5553c1e elementor-section-boxed elementor-section-height-default elementor-section-height-default\" data-eae-slider=\"73415\" data-id=\"5553c1e\" data-element_type=\"section\" data-e-type=\"section\">\n\t\t\t\t\t\t<div class=\"elementor-container elementor-column-gap-default\">\n\t\t\t\t\t<div class=\"has_eae_slider elementor-column elementor-col-50 elementor-top-column elementor-element elementor-element-f4ee188\" data-eae-slider=\"66085\" data-id=\"f4ee188\" data-element_type=\"column\" data-e-type=\"column\">\n\t\t\t<div class=\"elementor-widget-wrap elementor-element-populated\">\n\t\t\t\t\t\t<div class=\"elementor-element elementor-element-2a82bf6 elementor-widget elementor-widget-image\" data-id=\"2a82bf6\" data-element_type=\"widget\" data-e-type=\"widget\" data-widget_type=\"image.default\">\n\t\t\t\t<div class=\"elementor-widget-container\">\n\t\t\t\t\t\t\t\t\t\t\t\t\t\t\t<img fetchpriority=\"high\" decoding=\"async\" width=\"660\" height=\"951\" src=\"https:\/\/fgbc.cm\/wp-content\/uploads\/2021\/12\/pedro-miranda-3QzMBrvCeyQ-unsplash-scaled.jpg\" class=\"attachment-large size-large wp-image-4771\" alt=\"\" \/>\t\t\t\t\t\t\t\t\t\t\t\t\t\t\t<\/div>\n\t\t\t\t<\/div>\n\t\t\t\t\t<\/div>\n\t\t<\/div>\n\t\t\t\t<div class=\"has_eae_slider elementor-column elementor-col-50 elementor-top-column elementor-element elementor-element-51413f9\" data-eae-slider=\"35891\" data-id=\"51413f9\" data-element_type=\"column\" data-e-type=\"column\">\n\t\t\t<div class=\"elementor-widget-wrap elementor-element-populated\">\n\t\t\t\t\t\t<div class=\"elementor-element elementor-element-a1d453c elementor-widget elementor-widget-heading\" data-id=\"a1d453c\" data-element_type=\"widget\" data-e-type=\"widget\" data-widget_type=\"heading.default\">\n\t\t\t\t<div class=\"elementor-widget-container\">\n\t\t\t\t\t<h2 class=\"elementor-heading-title elementor-size-default\">Our services in project management<\/h2>\t\t\t\t<\/div>\n\t\t\t\t<\/div>\n\t\t\t\t<div class=\"elementor-element elementor-element-4f7c2f9 elementor-icon-list--layout-traditional elementor-list-item-link-full_width elementor-widget elementor-widget-icon-list\" data-id=\"4f7c2f9\" data-element_type=\"widget\" data-e-type=\"widget\" data-widget_type=\"icon-list.default\">\n\t\t\t\t<div class=\"elementor-widget-container\">\n\t\t\t\t\t\t\t<ul class=\"elementor-icon-list-items\">\n\t\t\t\t\t\t\t<li class=\"elementor-icon-list-item\">\n\t\t\t\t\t\t\t\t\t\t\t<span class=\"elementor-icon-list-icon\">\n\t\t\t\t\t\t\t<i aria-hidden=\"true\" class=\"fas fa-check\"><\/i>\t\t\t\t\t\t<\/span>\n\t\t\t\t\t\t\t\t\t\t<span class=\"elementor-icon-list-text\">Project development and design<\/span>\n\t\t\t\t\t\t\t\t\t<\/li>\n\t\t\t\t\t\t\t\t<li class=\"elementor-icon-list-item\">\n\t\t\t\t\t\t\t\t\t\t\t<span class=\"elementor-icon-list-icon\">\n\t\t\t\t\t\t\t<i aria-hidden=\"true\" class=\"fas fa-check\"><\/i>\t\t\t\t\t\t<\/span>\n\t\t\t\t\t\t\t\t\t\t<span class=\"elementor-icon-list-text\">Project management<\/span>\n\t\t\t\t\t\t\t\t\t<\/li>\n\t\t\t\t\t\t\t\t<li class=\"elementor-icon-list-item\">\n\t\t\t\t\t\t\t\t\t\t\t<span class=\"elementor-icon-list-icon\">\n\t\t\t\t\t\t\t<i aria-hidden=\"true\" class=\"fas fa-check\"><\/i>\t\t\t\t\t\t<\/span>\n\t\t\t\t\t\t\t\t\t\t<span class=\"elementor-icon-list-text\">Project evaluation<\/span>\n\t\t\t\t\t\t\t\t\t<\/li>\n\t\t\t\t\t\t\t\t<li class=\"elementor-icon-list-item\">\n\t\t\t\t\t\t\t\t\t\t\t<span class=\"elementor-icon-list-icon\">\n\t\t\t\t\t\t\t<i aria-hidden=\"true\" class=\"fas fa-check\"><\/i>\t\t\t\t\t\t<\/span>\n\t\t\t\t\t\t\t\t\t\t<span class=\"elementor-icon-list-text\">Follow up of project deliverable<\/span>\n\t\t\t\t\t\t\t\t\t<\/li>\n\t\t\t\t\t\t<\/ul>\n\t\t\t\t\t\t<\/div>\n\t\t\t\t<\/div>\n\t\t\t\t<div class=\"elementor-element elementor-element-94cf2a0 elementor-widget elementor-widget-text-editor\" data-id=\"94cf2a0\" data-element_type=\"widget\" data-e-type=\"widget\" data-widget_type=\"text-editor.default\">\n\t\t\t\t<div class=\"elementor-widget-container\">\n\t\t\t\t\t\t\t\t\t<p>Dot\u00e9e d\u2019une grande cr\u00e9ativit\u00e9, \u00e0 laquelle\u00a0 se joint une ma\u00eetrise parfaite des variables financi\u00e8res tant du point de vue micro que macro-\u00e9conomique, notre position avant gardiste nous permettant une bonne marge de man\u0153uvre d\u2019anticipation sur le futur, nous\u00a0 concevons, mettons en place, pilotons , rentabilisions et d\u00e9veloppons des projets suivant les exigences et besoins du client en tenant compte bien entendu des r\u00e9alit\u00e9s contextuelles camerounaises qui rev\u00eatent une grande sp\u00e9cificit\u00e9 dans l\u2019environnement des affaires et qui mal appr\u00e9hend\u00e9es sont de nature \u00e0 paralyser la rentabilit\u00e9 d\u2019un projet<\/p>\t\t\t\t\t\t\t\t<\/div>\n\t\t\t\t<\/div>\n\t\t\t\t\t<\/div>\n\t\t<\/div>\n\t\t\t\t\t<\/div>\n\t\t<\/section>\n\t\t\t\t<\/div>","protected":false},"excerpt":{"rendered":"<p>Nos services en gestion de projets Conception et montage de projets Gestion de projets \u00c9valuation de projets Management des projets. Dot\u00e9e d\u2019une grande cr\u00e9ativit\u00e9, \u00e0 laquelle\u00a0 se joint une ma\u00eetrise parfaite des variables financi\u00e8res tant du point de vue micro que macro-\u00e9conomique, notre position avant gardiste nous permettant une bonne marge de man\u0153uvre d\u2019anticipation sur &hellip; <a href=\"https:\/\/fgbc.cm\/en\/projects\/\" class=\"more-link\">Continue reading <span class=\"screen-reader-text\">Projects<\/span><\/a><\/p>","protected":false},"author":6,"featured_media":0,"parent":0,"menu_order":0,"comment_status":"closed","ping_status":"closed","template":"","meta":{"inline_featured_image":false,"footnotes":""},"class_list":["post-4242","page","type-page","status-publish","hentry"],"_links":{"self":[{"href":"https:\/\/fgbc.cm\/en\/wp-json\/wp\/v2\/pages\/4242","targetHints":{"allow":["GET"]}}],"collection":[{"href":"https:\/\/fgbc.cm\/en\/wp-json\/wp\/v2\/pages"}],"about":[{"href":"https:\/\/fgbc.cm\/en\/wp-json\/wp\/v2\/types\/page"}],"author":[{"embeddable":true,"href":"https:\/\/fgbc.cm\/en\/wp-json\/wp\/v2\/users\/6"}],"replies":[{"embeddable":true,"href":"https:\/\/fgbc.cm\/en\/wp-json\/wp\/v2\/comments?post=4242"}],"version-history":[{"count":18,"href":"https:\/\/fgbc.cm\/en\/wp-json\/wp\/v2\/pages\/4242\/revisions"}],"predecessor-version":[{"id":5050,"href":"https:\/\/fgbc.cm\/en\/wp-json\/wp\/v2\/pages\/4242\/revisions\/5050"}],"wp:attachment":[{"href":"https:\/\/fgbc.cm\/en\/wp-json\/wp\/v2\/media?parent=4242"}],"curies":[{"name":"wp","href":"https:\/\/api.w.org\/{rel}","templated":true}]}}