{"id":4250,"date":"2021-12-15T14:21:12","date_gmt":"2021-12-15T14:21:12","guid":{"rendered":"https:\/?page_id=4250"},"modified":"2022-02-21T03:40:12","modified_gmt":"2022-02-21T03:40:12","slug":"information-and-communication-technology","status":"publish","type":"page","link":"https:\/\/fgbc.cm\/en\/information-and-communication-technology\/","title":{"rendered":"Technologies de l&#8217;information et de la communication"},"content":{"rendered":"<div data-elementor-type=\"wp-page\" data-elementor-id=\"4250\" class=\"elementor elementor-4250\">\n\t\t\t\t\t\t<section class=\"has_eae_slider elementor-section elementor-top-section elementor-element elementor-element-88d00fe elementor-section-boxed elementor-section-height-default elementor-section-height-default\" data-eae-slider=\"9749\" data-id=\"88d00fe\" data-element_type=\"section\" data-e-type=\"section\">\n\t\t\t\t\t\t<div class=\"elementor-container elementor-column-gap-default\">\n\t\t\t\t\t<div class=\"has_eae_slider elementor-column elementor-col-50 elementor-top-column elementor-element elementor-element-a0d4460\" data-eae-slider=\"30061\" data-id=\"a0d4460\" data-element_type=\"column\" data-e-type=\"column\">\n\t\t\t<div class=\"elementor-widget-wrap elementor-element-populated\">\n\t\t\t\t\t\t<div class=\"elementor-element elementor-element-adcc4ba elementor-widget elementor-widget-image\" data-id=\"adcc4ba\" data-element_type=\"widget\" data-e-type=\"widget\" data-widget_type=\"image.default\">\n\t\t\t\t<div class=\"elementor-widget-container\">\n\t\t\t\t\t\t\t\t\t\t\t\t\t\t\t<img fetchpriority=\"high\" decoding=\"async\" width=\"660\" height=\"440\" src=\"https:\/\/fgbc.cm\/wp-content\/uploads\/2021\/12\/annie-spratt-QckxruozjRg-unsplash-scaled.jpg\" class=\"attachment-large size-large wp-image-4769\" alt=\"\" \/>\t\t\t\t\t\t\t\t\t\t\t\t\t\t\t<\/div>\n\t\t\t\t<\/div>\n\t\t\t\t\t<\/div>\n\t\t<\/div>\n\t\t\t\t<div class=\"has_eae_slider elementor-column elementor-col-50 elementor-top-column elementor-element elementor-element-4d2c889\" data-eae-slider=\"33148\" data-id=\"4d2c889\" data-element_type=\"column\" data-e-type=\"column\">\n\t\t\t<div class=\"elementor-widget-wrap elementor-element-populated\">\n\t\t\t\t\t\t<div class=\"elementor-element elementor-element-9bb8b16 elementor-widget elementor-widget-heading\" data-id=\"9bb8b16\" data-element_type=\"widget\" data-e-type=\"widget\" data-widget_type=\"heading.default\">\n\t\t\t\t<div class=\"elementor-widget-container\">\n\t\t\t\t\t<h2 class=\"elementor-heading-title elementor-size-default\">Our workshops in Information and Communication Technology<\/h2>\t\t\t\t<\/div>\n\t\t\t\t<\/div>\n\t\t\t\t<div class=\"elementor-element elementor-element-aa8b14f elementor-widget elementor-widget-text-editor\" data-id=\"aa8b14f\" data-element_type=\"widget\" data-e-type=\"widget\" data-widget_type=\"text-editor.default\">\n\t\t\t\t<div class=\"elementor-widget-container\">\n\t\t\t\t\t\t\t\t\t<p>With the expansion of technology in all sectors of the economy, we offer training to students, young graduates and even workers to develop their \ncompetency in adapting to changes.<\/p>\t\t\t\t\t\t\t\t<\/div>\n\t\t\t\t<\/div>\n\t\t\t\t<div class=\"elementor-element elementor-element-6ea9330 elementor-widget elementor-widget-heading\" data-id=\"6ea9330\" data-element_type=\"widget\" data-e-type=\"widget\" data-widget_type=\"heading.default\">\n\t\t\t\t<div class=\"elementor-widget-container\">\n\t\t\t\t\t<h2 class=\"elementor-heading-title elementor-size-default\">Our Approach<\/h2>\t\t\t\t<\/div>\n\t\t\t\t<\/div>\n\t\t\t\t<div class=\"elementor-element elementor-element-8fdb02b elementor-icon-list--layout-traditional elementor-list-item-link-full_width elementor-widget elementor-widget-icon-list\" data-id=\"8fdb02b\" data-element_type=\"widget\" data-e-type=\"widget\" data-widget_type=\"icon-list.default\">\n\t\t\t\t<div class=\"elementor-widget-container\">\n\t\t\t\t\t\t\t<ul class=\"elementor-icon-list-items\">\n\t\t\t\t\t\t\t<li class=\"elementor-icon-list-item\">\n\t\t\t\t\t\t\t\t\t\t\t<span class=\"elementor-icon-list-icon\">\n\t\t\t\t\t\t\t<i aria-hidden=\"true\" class=\"fas fa-check\"><\/i>\t\t\t\t\t\t<\/span>\n\t\t\t\t\t\t\t\t\t\t<span class=\"elementor-icon-list-text\">Training in Microsoft office that is, word excel, PowerPoint, and publisher<\/span>\n\t\t\t\t\t\t\t\t\t<\/li>\n\t\t\t\t\t\t\t\t<li class=\"elementor-icon-list-item\">\n\t\t\t\t\t\t\t\t\t\t\t<span class=\"elementor-icon-list-icon\">\n\t\t\t\t\t\t\t<i aria-hidden=\"true\" class=\"fas fa-check\"><\/i>\t\t\t\t\t\t<\/span>\n\t\t\t\t\t\t\t\t\t\t<span class=\"elementor-icon-list-text\">Community management : that is, social media pages and website management<\/span>\n\t\t\t\t\t\t\t\t\t<\/li>\n\t\t\t\t\t\t\t\t<li class=\"elementor-icon-list-item\">\n\t\t\t\t\t\t\t\t\t\t\t<span class=\"elementor-icon-list-icon\">\n\t\t\t\t\t\t\t<i aria-hidden=\"true\" class=\"fas fa-check\"><\/i>\t\t\t\t\t\t<\/span>\n\t\t\t\t\t\t\t\t\t\t<span class=\"elementor-icon-list-text\">Development\/programing of POS system that is, Point of Sale system<\/span>\n\t\t\t\t\t\t\t\t\t<\/li>\n\t\t\t\t\t\t\t\t<li class=\"elementor-icon-list-item\">\n\t\t\t\t\t\t\t\t\t\t\t<span class=\"elementor-icon-list-icon\">\n\t\t\t\t\t\t\t<i aria-hidden=\"true\" class=\"fas fa-check\"><\/i>\t\t\t\t\t\t<\/span>\n\t\t\t\t\t\t\t\t\t\t<span class=\"elementor-icon-list-text\">Content creation that is, adverts and materials for company\/business visibility<\/span>\n\t\t\t\t\t\t\t\t\t<\/li>\n\t\t\t\t\t\t\t\t<li class=\"elementor-icon-list-item\">\n\t\t\t\t\t\t\t\t\t\t\t<span class=\"elementor-icon-list-icon\">\n\t\t\t\t\t\t\t<i aria-hidden=\"true\" class=\"fas fa-check\"><\/i>\t\t\t\t\t\t<\/span>\n\t\t\t\t\t\t\t\t\t\t<span class=\"elementor-icon-list-text\">Search Engine Optimization for company visibility online<\/span>\n\t\t\t\t\t\t\t\t\t<\/li>\n\t\t\t\t\t\t\t\t<li class=\"elementor-icon-list-item\">\n\t\t\t\t\t\t\t\t\t\t\t<span class=\"elementor-icon-list-icon\">\n\t\t\t\t\t\t\t<i aria-hidden=\"true\" class=\"fas fa-check\"><\/i>\t\t\t\t\t\t<\/span>\n\t\t\t\t\t\t\t\t\t\t<span class=\"elementor-icon-list-text\">Web development and design especially for landing pages and e-commerce<\/span>\n\t\t\t\t\t\t\t\t\t<\/li>\n\t\t\t\t\t\t<\/ul>\n\t\t\t\t\t\t<\/div>\n\t\t\t\t<\/div>\n\t\t\t\t\t<\/div>\n\t\t<\/div>\n\t\t\t\t\t<\/div>\n\t\t<\/section>\n\t\t\t\t<section class=\"has_eae_slider elementor-section elementor-top-section elementor-element elementor-element-1799abd elementor-section-boxed elementor-section-height-default elementor-section-height-default\" data-eae-slider=\"58396\" data-id=\"1799abd\" data-element_type=\"section\" data-e-type=\"section\">\n\t\t\t\t\t\t<div class=\"elementor-container elementor-column-gap-default\">\n\t\t\t\t\t<div class=\"has_eae_slider elementor-column elementor-col-100 elementor-top-column elementor-element elementor-element-dfe17b5\" data-eae-slider=\"73416\" data-id=\"dfe17b5\" data-element_type=\"column\" data-e-type=\"column\">\n\t\t\t<div class=\"elementor-widget-wrap elementor-element-populated\">\n\t\t\t\t\t\t<div class=\"elementor-element elementor-element-896abb6 elementor-widget elementor-widget-spacer\" data-id=\"896abb6\" data-element_type=\"widget\" data-e-type=\"widget\" data-widget_type=\"spacer.default\">\n\t\t\t\t<div class=\"elementor-widget-container\">\n\t\t\t\t\t\t\t<div class=\"elementor-spacer\">\n\t\t\t<div class=\"elementor-spacer-inner\"><\/div>\n\t\t<\/div>\n\t\t\t\t\t\t<\/div>\n\t\t\t\t<\/div>\n\t\t\t\t\t<\/div>\n\t\t<\/div>\n\t\t\t\t\t<\/div>\n\t\t<\/section>\n\t\t\t\t<section class=\"has_eae_slider elementor-section elementor-top-section elementor-element elementor-element-ce95533 elementor-section-boxed elementor-section-height-default elementor-section-height-default\" data-eae-slider=\"13172\" data-id=\"ce95533\" data-element_type=\"section\" data-e-type=\"section\">\n\t\t\t\t\t\t<div class=\"elementor-container elementor-column-gap-default\">\n\t\t\t\t\t<div class=\"has_eae_slider elementor-column elementor-col-100 elementor-top-column elementor-element elementor-element-7fec0c9\" data-eae-slider=\"39484\" data-id=\"7fec0c9\" data-element_type=\"column\" data-e-type=\"column\">\n\t\t\t<div class=\"elementor-widget-wrap elementor-element-populated\">\n\t\t\t\t\t\t<div class=\"elementor-element elementor-element-27aa05c elementor-widget elementor-widget-heading\" data-id=\"27aa05c\" data-element_type=\"widget\" data-e-type=\"widget\" data-widget_type=\"heading.default\">\n\t\t\t\t<div class=\"elementor-widget-container\">\n\t\t\t\t\t<h3 class=\"elementor-heading-title elementor-size-default\">LES PROJETS INFORMATIQUES<\/h3>\t\t\t\t<\/div>\n\t\t\t\t<\/div>\n\t\t\t\t\t<\/div>\n\t\t<\/div>\n\t\t\t\t\t<\/div>\n\t\t<\/section>\n\t\t\t\t<section class=\"has_eae_slider elementor-section elementor-top-section elementor-element elementor-element-f6f7e53 elementor-section-boxed elementor-section-height-default elementor-section-height-default\" data-eae-slider=\"61084\" data-id=\"f6f7e53\" data-element_type=\"section\" data-e-type=\"section\">\n\t\t\t\t\t\t<div class=\"elementor-container elementor-column-gap-default\">\n\t\t\t\t\t<div class=\"has_eae_slider elementor-column elementor-col-100 elementor-top-column elementor-element elementor-element-ca9fe14\" data-eae-slider=\"97249\" data-id=\"ca9fe14\" data-element_type=\"column\" data-e-type=\"column\">\n\t\t\t<div class=\"elementor-widget-wrap elementor-element-populated\">\n\t\t\t\t\t\t<div class=\"elementor-element elementor-element-935729b elementor-widget elementor-widget-text-editor\" data-id=\"935729b\" data-element_type=\"widget\" data-e-type=\"widget\" data-widget_type=\"text-editor.default\">\n\t\t\t\t<div class=\"elementor-widget-container\">\n\t\t\t\t\t\t\t\t\t<p>Fort de notre exp\u00e9rience, de notre vision et de notre d\u00e9finition de la notion de l\u2019entreprenariat, auxquelles nous avons m\u00eal\u00e9 les attentes des acteurs de l\u2019\u00e9conomie et les mutations de l\u2019environnement, nous concevons, installons, pilotons, des projets informatiques que nous cr\u00e9ons ou \/ et que nous impl\u00e9mentons en formant les utilisateurs. Le but est d\u2019aboutir \u00e0 une automatisation continuelles des t\u00e2ches et donc \u00e0 un enrichissement des niveaux de comp\u00e9tences. Nos solutions sont cr\u00e9\u00e9es et impuls\u00e9es en r\u00e9ponse aux divers probl\u00e8mes rencontr\u00e9s par les entreprises, par ailleurs nous souhaitons impulser l\u2019enrichissement des t\u00e2ches au profit de l\u2019automatisation des t\u00e2ches trop secondaires \u00e0 fort taux de r\u00e9p\u00e9tition et simultan\u00e9ment au-del\u00e0 des op\u00e9rateurs, pousser les ex\u00e9cutants \u00e0 des fonctions d\u2019analyse et de conception. Nous nourrissons la s\u00e9cr\u00e8te ambition de cr\u00e9er la silicon valley \u00e0 la camerounaise&nbsp;: des solutions informatiques con\u00e7ues par les camerounais mais r\u00e9pondant aux pr\u00e9occupations tant nationales que r\u00e9gionales. Notre ambition au-del\u00e0 d\u2019\u00eatre financi\u00e8re est avant tout passionnelle et id\u00e9ologique raison pour laquelle nous restons int\u00e8gres et constants dans notre d\u00e9marche. Nous garantissons des produits personnalis\u00e9s, une d\u00e9marche de proximit\u00e9 int\u00e9grant de fortes notions de confidentialit\u00e9 et d\u2019exclusivit\u00e9 suivant la demande du client. Nous int\u00e9grons le client dans notre processus et il peut \u00eatre acteur de la r\u00e9alisation de son produit. Notre d\u00e9veloppement des solutions informatiques est \u00e9galement tr\u00e8s fortement rattach\u00e9 et enrichie par nos domaines de comp\u00e9tence extr\u00eamement vari\u00e9s<\/p>\t\t\t\t\t\t\t\t<\/div>\n\t\t\t\t<\/div>\n\t\t\t\t\t<\/div>\n\t\t<\/div>\n\t\t\t\t\t<\/div>\n\t\t<\/section>\n\t\t\t\t<\/div>","protected":false},"excerpt":{"rendered":"<p>Nos services dans les Technologies de l\u2019 information et de la communication Avec l\u2019expansion de la technologie dans tous les secteurs de l\u2019\u00e9conomie, nous offrons une formation aux \u00e9tudiants, aux jeunes dipl\u00f4m\u00e9s et m\u00eame aux travailleurs pour d\u00e9velopper leurs capacit\u00e9s d\u2019adaptation aux changements. Notre d\u00e9marche Formation en Microsoft Office: Word, Excel, PowerPoint et editor Community &hellip; <a href=\"https:\/\/fgbc.cm\/en\/information-and-communication-technology\/\" class=\"more-link\">Continue reading <span class=\"screen-reader-text\">Technologies de l&#8217;information et de la communication<\/span><\/a><\/p>","protected":false},"author":6,"featured_media":0,"parent":0,"menu_order":0,"comment_status":"closed","ping_status":"closed","template":"","meta":{"inline_featured_image":false,"footnotes":""},"class_list":["post-4250","page","type-page","status-publish","hentry"],"_links":{"self":[{"href":"https:\/\/fgbc.cm\/en\/wp-json\/wp\/v2\/pages\/4250","targetHints":{"allow":["GET"]}}],"collection":[{"href":"https:\/\/fgbc.cm\/en\/wp-json\/wp\/v2\/pages"}],"about":[{"href":"https:\/\/fgbc.cm\/en\/wp-json\/wp\/v2\/types\/page"}],"author":[{"embeddable":true,"href":"https:\/\/fgbc.cm\/en\/wp-json\/wp\/v2\/users\/6"}],"replies":[{"embeddable":true,"href":"https:\/\/fgbc.cm\/en\/wp-json\/wp\/v2\/comments?post=4250"}],"version-history":[{"count":27,"href":"https:\/\/fgbc.cm\/en\/wp-json\/wp\/v2\/pages\/4250\/revisions"}],"predecessor-version":[{"id":5097,"href":"https:\/\/fgbc.cm\/en\/wp-json\/wp\/v2\/pages\/4250\/revisions\/5097"}],"wp:attachment":[{"href":"https:\/\/fgbc.cm\/en\/wp-json\/wp\/v2\/media?parent=4250"}],"curies":[{"name":"wp","href":"https:\/\/api.w.org\/{rel}","templated":true}]}}