{"id":3294,"date":"2021-09-25T12:27:08","date_gmt":"2021-09-25T11:27:08","guid":{"rendered":"https:\/\/naelmaluxury.com\/?post_type=product&#038;p=3294"},"modified":"2022-09-13T16:18:01","modified_gmt":"2022-09-13T15:18:01","slug":"rim-of-paper","status":"publish","type":"product","link":"https:\/\/fgbc.cm\/en\/product\/rim-of-paper\/","title":{"rendered":"Rim of paper"},"content":{"rendered":"<p>v\u00e9ritable cuir italien avec foulard. La bandouli\u00e8re permet de porter \u00e0 l\u2019\u00e9paule ou cross body. L\u00e9ger \u00e0 porter en toutes circonstances et toutes saisons.<\/p>","protected":false},"excerpt":{"rendered":"<p>v\u00e9ritable cuir italien avec foulard. La bandouli\u00e8re permet de porter \u00e0 l\u2019\u00e9paule ou cross body. L\u00e9ger \u00e0 porter en toutes circonstances et toutes saisons.<\/p>","protected":false},"featured_media":0,"comment_status":"open","ping_status":"closed","template":"","meta":{"inline_featured_image":false},"product_brand":[],"product_cat":[31],"product_tag":[],"class_list":{"0":"post-3294","1":"product","2":"type-product","3":"status-publish","5":"product_cat-accessories","8":"outofstock","9":"shipping-taxable","10":"purchasable","11":"product-type-simple"},"_links":{"self":[{"href":"https:\/\/fgbc.cm\/en\/wp-json\/wp\/v2\/product\/3294","targetHints":{"allow":["GET"]}}],"collection":[{"href":"https:\/\/fgbc.cm\/en\/wp-json\/wp\/v2\/product"}],"about":[{"href":"https:\/\/fgbc.cm\/en\/wp-json\/wp\/v2\/types\/product"}],"replies":[{"embeddable":true,"href":"https:\/\/fgbc.cm\/en\/wp-json\/wp\/v2\/comments?post=3294"}],"version-history":[{"count":2,"href":"https:\/\/fgbc.cm\/en\/wp-json\/wp\/v2\/product\/3294\/revisions"}],"predecessor-version":[{"id":4813,"href":"https:\/\/fgbc.cm\/en\/wp-json\/wp\/v2\/product\/3294\/revisions\/4813"}],"wp:attachment":[{"href":"https:\/\/fgbc.cm\/en\/wp-json\/wp\/v2\/media?parent=3294"}],"wp:term":[{"taxonomy":"product_brand","embeddable":true,"href":"https:\/\/fgbc.cm\/en\/wp-json\/wp\/v2\/product_brand?post=3294"},{"taxonomy":"product_cat","embeddable":true,"href":"https:\/\/fgbc.cm\/en\/wp-json\/wp\/v2\/product_cat?post=3294"},{"taxonomy":"product_tag","embeddable":true,"href":"https:\/\/fgbc.cm\/en\/wp-json\/wp\/v2\/product_tag?post=3294"}],"curies":[{"name":"wp","href":"https:\/\/api.w.org\/{rel}","templated":true}]}}