{"id":4011,"date":"2021-12-08T23:58:10","date_gmt":"2021-12-08T23:58:10","guid":{"rendered":"https:\/?post_type=product&#038;p=4011"},"modified":"2021-12-21T23:19:25","modified_gmt":"2021-12-21T23:19:25","slug":"necklace-both-sex","status":"publish","type":"product","link":"https:\/\/fgbc.cm\/en\/product\/necklace-both-sex\/","title":{"rendered":"necklaces"},"content":{"rendered":"<p>Magnifique robe sexy en dentelle verte avec ceinture \u00e0 la taille, encolure V<\/p>","protected":false},"excerpt":{"rendered":"<p>El\u00e9gante robe en dentelle au d\u00e9collect\u00e9 plongeant<\/p>","protected":false},"featured_media":4910,"comment_status":"open","ping_status":"closed","template":"","meta":{"inline_featured_image":false},"product_brand":[],"product_cat":[35],"product_tag":[],"class_list":{"0":"post-4011","1":"product","2":"type-product","3":"status-publish","4":"has-post-thumbnail","6":"product_cat-fashion","7":"pa_color-green","8":"pa_tailles-m","9":"pa_tailles-s","12":"instock","13":"purchasable","14":"product-type-variable"},"_links":{"self":[{"href":"https:\/\/fgbc.cm\/en\/wp-json\/wp\/v2\/product\/4011","targetHints":{"allow":["GET"]}}],"collection":[{"href":"https:\/\/fgbc.cm\/en\/wp-json\/wp\/v2\/product"}],"about":[{"href":"https:\/\/fgbc.cm\/en\/wp-json\/wp\/v2\/types\/product"}],"replies":[{"embeddable":true,"href":"https:\/\/fgbc.cm\/en\/wp-json\/wp\/v2\/comments?post=4011"}],"version-history":[{"count":2,"href":"https:\/\/fgbc.cm\/en\/wp-json\/wp\/v2\/product\/4011\/revisions"}],"predecessor-version":[{"id":4788,"href":"https:\/\/fgbc.cm\/en\/wp-json\/wp\/v2\/product\/4011\/revisions\/4788"}],"wp:featuredmedia":[{"embeddable":true,"href":"https:\/\/fgbc.cm\/en\/wp-json\/wp\/v2\/media\/4910"}],"wp:attachment":[{"href":"https:\/\/fgbc.cm\/en\/wp-json\/wp\/v2\/media?parent=4011"}],"wp:term":[{"taxonomy":"product_brand","embeddable":true,"href":"https:\/\/fgbc.cm\/en\/wp-json\/wp\/v2\/product_brand?post=4011"},{"taxonomy":"product_cat","embeddable":true,"href":"https:\/\/fgbc.cm\/en\/wp-json\/wp\/v2\/product_cat?post=4011"},{"taxonomy":"product_tag","embeddable":true,"href":"https:\/\/fgbc.cm\/en\/wp-json\/wp\/v2\/product_tag?post=4011"}],"curies":[{"name":"wp","href":"https:\/\/api.w.org\/{rel}","templated":true}]}}