{"id":5904,"date":"2022-08-30T17:45:24","date_gmt":"2022-08-30T16:45:24","guid":{"rendered":"https:\/?post_type=product&#038;p=5904"},"modified":"2022-08-30T17:45:52","modified_gmt":"2022-08-30T16:45:52","slug":"sac-en-main-3-en-1-multi-couleur","status":"publish","type":"product","link":"https:\/\/fgbc.cm\/en\/product\/sac-en-main-3-en-1-multi-couleur\/","title":{"rendered":"Sac en main 3 en 1 multi couleur"},"content":{"rendered":"","protected":false},"excerpt":{"rendered":"<p>Sac en main 3 en 1 multi couleur<\/p>\n<p>Ce produit est livr\u00e9 avec 3 composants. Un sac \u00e0 main, un petit sac et un porte monnaie. Leurs multicolores leur donnent un aspect attrayant. Si vous \u00eates impatient d\u2019acheter un sac pour votre sortie quotidienne, alors ce produit est pour vous.<\/p>","protected":false},"featured_media":5913,"comment_status":"open","ping_status":"closed","template":"","meta":{"inline_featured_image":false},"product_brand":[],"product_cat":[171],"product_tag":[],"class_list":{"0":"post-5904","1":"product","2":"type-product","3":"status-publish","4":"has-post-thumbnail","6":"product_cat-sac-femme","7":"pa_color-black","8":"pa_color-blanc","9":"pa_color-blue","10":"pa_color-green","11":"pa_color-gris","12":"pa_color-marron","13":"pa_color-rouge","14":"pa_color-vert","17":"instock","18":"purchasable","19":"product-type-simple"},"_links":{"self":[{"href":"https:\/\/fgbc.cm\/en\/wp-json\/wp\/v2\/product\/5904","targetHints":{"allow":["GET"]}}],"collection":[{"href":"https:\/\/fgbc.cm\/en\/wp-json\/wp\/v2\/product"}],"about":[{"href":"https:\/\/fgbc.cm\/en\/wp-json\/wp\/v2\/types\/product"}],"replies":[{"embeddable":true,"href":"https:\/\/fgbc.cm\/en\/wp-json\/wp\/v2\/comments?post=5904"}],"version-history":[{"count":1,"href":"https:\/\/fgbc.cm\/en\/wp-json\/wp\/v2\/product\/5904\/revisions"}],"predecessor-version":[{"id":5915,"href":"https:\/\/fgbc.cm\/en\/wp-json\/wp\/v2\/product\/5904\/revisions\/5915"}],"wp:featuredmedia":[{"embeddable":true,"href":"https:\/\/fgbc.cm\/en\/wp-json\/wp\/v2\/media\/5913"}],"wp:attachment":[{"href":"https:\/\/fgbc.cm\/en\/wp-json\/wp\/v2\/media?parent=5904"}],"wp:term":[{"taxonomy":"product_brand","embeddable":true,"href":"https:\/\/fgbc.cm\/en\/wp-json\/wp\/v2\/product_brand?post=5904"},{"taxonomy":"product_cat","embeddable":true,"href":"https:\/\/fgbc.cm\/en\/wp-json\/wp\/v2\/product_cat?post=5904"},{"taxonomy":"product_tag","embeddable":true,"href":"https:\/\/fgbc.cm\/en\/wp-json\/wp\/v2\/product_tag?post=5904"}],"curies":[{"name":"wp","href":"https:\/\/api.w.org\/{rel}","templated":true}]}}